{"id":89,"date":"2021-06-08T10:03:09","date_gmt":"2021-06-08T10:03:09","guid":{"rendered":"https:\/\/test.vfbdw.de\/?page_id=89"},"modified":"2021-06-12T19:07:37","modified_gmt":"2021-06-12T19:07:37","slug":"satzung","status":"publish","type":"page","link":"https:\/\/euconev.de\/index.php\/satzung\/","title":{"rendered":"SATZUNG des Vereins EUCON e.V."},"content":{"rendered":"[et_pb_section admin_label=&#8220;section&#8220;]\n\t\t\t[et_pb_row admin_label=&#8220;row&#8220;]\n\t\t\t\t[et_pb_column type=&#8220;4_4&#8243;][et_pb_text admin_label=&#8220;Text&#8220;]\n<h1 class=\"wp-block-heading\">\u00a7 1\u00a0\u00a0\u00a0\u00a0 Name, Sitz und Gesch\u00e4ftsjahr<\/h1>\n\n\n\n<ul><li>Der Verein f\u00fchrt den Namen: &#8222;EUCON&#8220;. Er soll in das Vereinsregister eingetragen werden. Nach erfolgter Eintragung erh\u00e4lt der oben genannte Vereinsname den Zusatz e,.V.<\/li><li>Sitz des Vereins ist M\u00fcnchen.<\/li><li>Das Gesch\u00e4ftsjahr des Vereins ist das Kalenderjahr.<\/li><\/ul>\n\n\n\n<h1 class=\"wp-block-heading\">\u00a7 2&nbsp;&nbsp;&nbsp;&nbsp; Zweck und Aufgaben<\/h1>\n\n\n\n<p>Zweck des Vereins ist die <strong>F\u00f6rderung der Wissenschaft und Forschung und der Jugendhilfe.<\/strong><strong><\/strong><\/p>\n\n\n\n<p>Der Satzungszweck wird verwirklicht insbesondere durch<\/p>\n\n\n\n<ul><li>die Durchf\u00fchrung wissenschaftlicher Veranstaltungen und Forschungsvorhaben. Dazu geh\u00f6ren insbesondere die Erforschung, F\u00f6rderung und Erprobung von innovativen Lehr- und Lernkonzepten unter besonderer Ber\u00fccksichtigung der digitalen Medien. Schwerpunkte sind dabei die Unterst\u00fctzung des selbstgesteuerten Lernens und des informellen Lernens durch Selbstlernarchitekturen und Kommunikation als Voraussetzung f\u00fcr lebenslanges Lernens, bestm\u00f6gliche F\u00f6rderung jedes Einzelnen durch kompetenzorientierte Angebote und Integration durch Bildung. Unterst\u00fctzt\u00a0werden soll der wissenschaftliche Austausch von Informationen, Erfahrungen und Ergebnissen und die Zusammenarbeit der hieran interessierten Personen und Institutionen auf nationaler und internationaler Ebene und der Ausbau der hierf\u00fcr genutzten Infrastrukturen .<\/li><\/ul>\n\n\n\n<ul><li>die Durchf\u00fchrung von Projekten der\u00a0Jugendhilfe und der Jugendarbeit. Dazu geh\u00f6ren besonders Projekte des internationalen (Jugend-)Austausches innerhalb von Europa.<\/li><\/ul>\n\n\n\n<h1 class=\"wp-block-heading\">\u00a7 3&nbsp;&nbsp;&nbsp;&nbsp; Gemeinn\u00fctzigkeit<\/h1>\n\n\n\n<p>Der Verein verfolgt ausschlie\u00dflich und unmittelbar gemeinn\u00fctzige Zwecke im Sinne des Abschnitts &#8222;steuerbeg\u00fcnstigte Zwecke&#8220; der Abgabenordnung. Der Verein ist selbstlos t\u00e4tig, er verfolgt nicht in erster Linie eigenwirtschaftliche Zwecke.<\/p>\n\n\n\n<h1 class=\"wp-block-heading\">\u00a7 4\u00a0\u00a0\u00a0\u00a0 Mitgliedschaft<\/h1>\n\n\n\n<ol><li>Mitglieder des Vereins k\u00f6nnen nat\u00fcrliche und juristische Personen werden, die die im\u00a7 2 genannten Zwecke und Aufgaben verfolgen.<\/li><li>\u00dcber die Aufnahme entscheidet nach schriftlichem Antrag die Mitgliederversammlung.<\/li><li>Ein Austritt aus dem Verein kann mit einer Frist von einem Monat zum darauffolgenden Monatsende erfolgen. Die Austrittserkl\u00e4rung ist schriftlich an den Vorstand zu richten.<\/li><li>Nach drei Monaten Beitragsr\u00fcckstand und einmaliger Mahnung ruhen die Mitgliedsrechte. Nach weiteren drei Monaten ohne eine Reaktion des Mitglieds, kann der Vorstand das Mitglied ausschlie\u00dfen.<\/li><li>Ein Mitglied kann aus dem Verein ausgeschlossen werden, wenn sein Verhalten in grober Weise gegen die Interessen des Vereins verst\u00f6\u00dft. \u00dcber den Ausschluss entscheidet die Mitgliederversammlung.<\/li><li>Die Mitgliedschaft endet mit dem Tod des Mitglieds (bei juristischen Personen mit deren Erl\u00f6schen).<\/li><li>Das ausgetretene oder ausgeschlossene Mitglied hat keinen Anspruch gegen\u00fcber dem Vereinsverm\u00f6gen.<\/li><li>Die Mitglieder sind zur Zahlung eines j\u00e4hrlichen Mitgliedsbeitrages verpflichtet. Seine H\u00f6he wird auf Vorschlag des Vorstandes durch die Mitgliederversammlung festgesetzt.<\/li><\/ol>\n\n\n\n<h1 class=\"wp-block-heading\">\u00a7 5&nbsp;&nbsp;&nbsp;&nbsp; Organe des Vereins<\/h1>\n\n\n\n<p>Organe des Vereins sind: (1) die Mitgliederversammlung, (2) der Vorstand, (3) ggf. ein Beirat.<\/p>\n\n\n\n<h1 class=\"wp-block-heading\">\u00a7 6&nbsp;&nbsp;&nbsp;&nbsp; Die Mitgliederversammlung<\/h1>\n\n\n\n<ol><li>Die ordentliche Mitgliederversammlung wird mindestens einmal j\u00e4hrlich durch den Vorstand einberufen.<\/li><li>Die Mitglieder werden unter Bekanntgabe der vorgeschlagenen Tagesordnung und unter Einhaltung der Einladungsfrist von mindestens vier Wochen schriftlich eingeladen. Als schriftliche Einladung gilt auch eine Einladung an die letztbekannte Emailadresse der Mitglieder.<\/li><li>Eine au\u00dferordentliche Mitgliederversammlung findet statt, wenn mindestens 1\/3 derMitglieder dies unter Angabe der zu behandelnden Tagesordnung, bzw. wenn die Belange\u00a0des Vereins dies erfordern. Die Einladungsfrist hierzu betr\u00e4gt zwei Wochen. Die Einladung erfolgt durch den Vorstand.<\/li><li>Die ordentliche Mitgliederversammlung hat insbesondere folgende Aufgaben: Wahl des Vorstandes,<\/li><li>Wahl von Revisoren,<\/li><li>Einrichtung und Wahl des Beirats und Zuweisung von Aufgaben an diesen, Genehmigung des Haushaltsplanes,<\/li><li>Entgegennahme des Rechenschaftsberichtes,<\/li><li>Entlastung des Vorstands, &#8211; Best\u00e4tigung der Gesch\u00e4ftsf\u00fchrung,<\/li><li>Aufnahme und Ausschluss von Mitgliedern,<\/li><li>Festlegung des Mitgliedsbeitrages,<\/li><li>Aufl\u00f6sung des Vereins.<\/li><li>Die Mitgliederversammlung ist beschlussf\u00e4hig, wenn mindestens 1\/3 der Mitglieder anwesend ist. Beschl\u00fcsse werden mit einfacher Mehrheit der abgegebenen g\u00fcltigen Stimmen gefasst. Stimmengleichheit gilt als Ablehnung. Stimmenthaltungen sind ung\u00fcltige Stimmen. Jedes Mitglied hat nur eine Stimme, die nicht auf andere Mitglieder \u00fcbertragbar ist.<\/li><li>Ist die Mitgliederversammlung nicht beschlussf\u00e4hig, kann der Vorstand innerhalb einer Frist von zwei Wochen eine weitere Mitgliederversammlung einberufen. Diese ist auch dann beschlussf\u00e4hig, wenn weniger als 1\/3 der Mitglieder anwesend ist.<\/li><li>Die Versammlungsleitung und die Protokollf\u00fchrung werden zu Beginn der Versammlung gew\u00e4hlt.<\/li><li>Die Wahl.des Vorstandes\u00a0sowie\u00a0der Revisoren erfolgt durch offene, auf Antrag durch schriftliche und geheime Abstimmung.<\/li><\/ol>\n\n\n\n<h1 class=\"wp-block-heading\">\u00a7 7&nbsp;&nbsp;&nbsp;&nbsp; Satzungs\u00e4nderung<\/h1>\n\n\n\n<p>Beschl\u00fcsse&nbsp;\u00fcber&nbsp;\u00c4nderung der&nbsp;Satzung&nbsp;des Vereins&nbsp;bed\u00fcrfen der&nbsp;Zustimmung von 3\/4 der erschienenen&nbsp;stimmberechtigten Mitglieder. Satzungs\u00e4nderungen&nbsp;sind zusammen mit der Einladung zur Mitgliedsversammlung den Mitgliedern fristgem\u00e4\u00df schriftlich zuzustellen.<\/p>\n\n\n\n<h1 class=\"wp-block-heading\">\u00a7 8&nbsp;&nbsp;&nbsp;&nbsp; Der Vorstand<\/h1>\n\n\n\n<ol><li>Der\u00a0Vorstand\u00a0besteht\u00a0aus\u00a0bis\u00a0zu drei Personen.\u00a0Jeweils\u00a0ein Vorstandsmitglied\u00a0vertritt den Verein im Sinne des\u00a7 26 BGB allein.<\/li><li>Die\u00a0Wahl der Vorstandsmitglieder\u00a0erfolgt\u00a0auf zwei\u00a0Jahre. Der Vorstand bleibt bis zur Wahl eines neuen Vorstands im Amt. Wiederwahl ist m\u00f6glich.<\/li><li>Der\u00a0Vorstand\u00a0ist beschlussf\u00e4hig,\u00a0wenn\u00a0mindestens\u00a0zwei Mitglieder\u00a0des\u00a0Vorstands anwesend sind.<\/li><li>Die\u00a0Vorstandsmitglieder\u00a0\u00fcben ihre T\u00e4tigkeit\u00a0ehrenamtlich\u00a0aus. Der Ersatz von geltend gemachten Aufwendungen ist m\u00f6glich.<\/li><li>Der Vorstand ist berechtigt, einen Gesch\u00e4ftsf\u00fchrer\/eine Gesch\u00e4ftsf\u00fchrerin zum Zwecke der Abwicklung der laufenden Gesch\u00e4fte des Vereins und s\u00e4mtlicher organisatorischer und technischer Aufgaben zu bestellen.<\/li><li>Die Vorstandssitzungen sind Mitglieder-\u00f6ffentlich.\u00a0\u00a0\u00a0\u00a0\u00a0\u00a0\u00a0\u00a0\u00a0\u00a0\u00a0\u00a0\u00a0\u00a0\u00a0\u00a0\u00a0\u00a0\u00a0\u00a0\u00a0\u00a0\u00a0\u00a0\u00a0\u00a0\u00a0\u00a0\u00a0\u00a0\u00a0\u00a0\u00a0\u00a0\u00a0\u00a0\u00a0\u00a0\u00a0\u00a0\u00a0\u00a0\u00a0\u00a0\u00a0\u00a0\u00a0\u00a0\u00a0\u00a0\u00a0\u00a0\u00a0\u00a0\u00a0\u00a0\u00a0\u00a0\u00a0\u00a0\u00a0\u00a0\u00a0\u00a0\u00a0\u00a0 <sup>3<\/sup><\/li><\/ol>\n\n\n\n<h1 class=\"wp-block-heading\">\u00a7 9&nbsp;&nbsp;&nbsp;&nbsp; Aufgaben des Vorstandes<\/h1>\n\n\n\n<p>Der\u00a0Vorstand ist f\u00fcr alle Angelegenheiten des Vereins zust\u00e4ndig, soweit sie nicht durch die Satzung einem anderen Vereinsorgan zugewiesen sind. Er hat vor allem folgende Aufgaben:<\/p>\n\n\n\n<ol><li>Vorbereitung\u00a0und Einberufung der Mitgliederversammlung\u00a0unter Angabe der Tagesordnung,<\/li><li>Aufstellung\u00a0eines\u00a0Haushaltsplanes\u00a0f\u00fcr das Gesch\u00e4ftsjahr,\u00a0Erstellung eines j\u00e4hrlichen Gesch\u00e4ftsberichts sowie der F\u00fchrung der laufenden Gesch\u00e4fte,<\/li><li>Abschluss und K\u00fcndigung von Arbeitsvertr\u00e4gen.<\/li><\/ol>\n\n\n\n<p>Der Vorstand&nbsp;ist an die Beschl\u00fcsse&nbsp;der&nbsp;Mitgliederversammlung&nbsp;gebunden.<\/p>\n\n\n\n<h1 class=\"wp-block-heading\">\u00a7 10&nbsp;&nbsp; Der Beirat<\/h1>\n\n\n\n<p>Die Mitgliederversammlung kann zur Bearbeitung bestimmter Aufgaben Fachbeir\u00e4te einsetzen, \u00fcber deren Aufgaben die Mitgliederversammlung&nbsp;beschlie\u00dft.<\/p>\n\n\n\n<h1 class=\"wp-block-heading\">\u00a7 11\u00a0\u00a0 Beurkundung von Beschl\u00fcssen<\/h1>\n\n\n\n<ul><li>Vorstands- und Fachbeiratssitzungen sind zu protokollieren.<\/li><li>Von jeder Mitgliederversammlung wird eine Niederschrift angefertigt, die von Versammlungsleitung und Protokollf\u00fchrung zu unterzeichnen ist.<\/li><\/ul>\n\n\n\n<h1 class=\"wp-block-heading\">\u00a7 12&nbsp;&nbsp; Mittelverwendung<\/h1>\n\n\n\n<ul><li>Mittel des Vereins d\u00fcrfen nur f\u00fcr die satzungsgem\u00e4\u00dfen Zwecke verwendet werden.<\/li><li>Die Mitglieder erhalten keine Zuwendungen aus Mitteln des Vereins. Die Weiterleitung zweckbestimmter Mittel f\u00fcr satzungsgem\u00e4\u00dfe Aufgaben der Mitglieder bleibt davon unber\u00fchrt. Ferner darf keine Person durch Ausgaben, die dem Zweck des Vereins fremd sind oder durch unverh\u00e4ltnism\u00e4\u00dfig hohe Verg\u00fctung beg\u00fcnstigt werden.<\/li><\/ul>\n\n\n\n<h1 class=\"wp-block-heading\">\u00a7 13&nbsp;&nbsp; Vereinsaufl\u00f6sung<\/h1>\n\n\n\n<ul><li>Der Verein wird durch Beschluss von 3\/4 der auf der Mitgliederversammlung erschienenen Mitglieder, aufgel\u00f6st.<\/li><li>Bei Aufl\u00f6sung oder Aufhebung des Vereins oder bei Wegfall seines bisherigen Vereinszwecks, f\u00e4llt das Verm\u00f6gen des Vereins an eine K\u00f6rperschaft des \u00f6ffentlichen Rechts oder an eine andere steuerbeg\u00fcnstigte K\u00f6rperschaft, die es unmittelbar und ausschlie\u00dflich f\u00fcr den gemeinn\u00fctzigen Zweck der Jugendhilfe zu verwenden hat.<\/li><\/ul>\n[\/et_pb_text][\/et_pb_column]\n\t\t\t[\/et_pb_row]\n\t\t[\/et_pb_section]","protected":false},"excerpt":{"rendered":"<p>\u00a7 1\u00a0\u00a0\u00a0\u00a0 Name, Sitz und Gesch\u00e4ftsjahr Der Verein f\u00fchrt den Namen: &#8222;EUCON&#8220;. Er soll in das Vereinsregister eingetragen werden. Nach erfolgter Eintragung erh\u00e4lt der oben genannte Vereinsname den Zusatz e,.V.Sitz des Vereins ist M\u00fcnchen.Das Gesch\u00e4ftsjahr des Vereins ist das Kalenderjahr. \u00a7 2&nbsp;&nbsp;&nbsp;&nbsp; Zweck und Aufgaben Zweck des Vereins ist die F\u00f6rderung der Wissenschaft und Forschung [&hellip;]<\/p>\n","protected":false},"author":1,"featured_media":0,"parent":0,"menu_order":0,"comment_status":"closed","ping_status":"closed","template":"","meta":{"_et_pb_use_builder":"on","_et_pb_old_content":"<!-- wp:heading {\"level\":1} -->\n<h1>\u00a7 1\u00a0\u00a0\u00a0\u00a0 Name, Sitz und Gesch\u00e4ftsjahr<\/h1>\n<!-- \/wp:heading -->\n\n<!-- wp:list -->\n<ul><li>Der Verein f\u00fchrt den Namen: \"EUCON\". Er soll in das Vereinsregister eingetragen werden. Nach erfolgter Eintragung erh\u00e4lt der oben genannte Vereinsname den Zusatz e,.V.<\/li><li>Sitz des Vereins ist M\u00fcnchen.<\/li><li>Das Gesch\u00e4ftsjahr des Vereins ist das Kalenderjahr.<\/li><\/ul>\n<!-- \/wp:list -->\n\n<!-- wp:heading {\"level\":1} -->\n<h1>\u00a7 2&nbsp;&nbsp;&nbsp;&nbsp; Zweck und Aufgaben<\/h1>\n<!-- \/wp:heading -->\n\n<!-- wp:paragraph -->\n<p>Zweck des Vereins ist die <strong>F\u00f6rderung der Wissenschaft und Forschung und der Jugendhilfe.<\/strong><strong><\/strong><\/p>\n<!-- \/wp:paragraph -->\n\n<!-- wp:paragraph -->\n<p>Der Satzungszweck wird verwirklicht insbesondere durch<\/p>\n<!-- \/wp:paragraph -->\n\n<!-- wp:list -->\n<ul><li>die Durchf\u00fchrung wissenschaftlicher Veranstaltungen und Forschungsvorhaben. Dazu geh\u00f6ren insbesondere die Erforschung, F\u00f6rderung und Erprobung von innovativen Lehr- und Lernkonzepten unter besonderer Ber\u00fccksichtigung der digitalen Medien. Schwerpunkte sind dabei die Unterst\u00fctzung des selbstgesteuerten Lernens und des informellen Lernens durch Selbstlernarchitekturen und Kommunikation als Voraussetzung f\u00fcr lebenslanges Lernens, bestm\u00f6gliche F\u00f6rderung jedes Einzelnen durch kompetenzorientierte Angebote und Integration durch Bildung. Unterst\u00fctzt\u00a0werden soll der wissenschaftliche Austausch von Informationen, Erfahrungen und Ergebnissen und die Zusammenarbeit der hieran interessierten Personen und Institutionen auf nationaler und internationaler Ebene und der Ausbau der hierf\u00fcr genutzten Infrastrukturen .<\/li><\/ul>\n<!-- \/wp:list -->\n\n<!-- wp:list -->\n<ul><li>die Durchf\u00fchrung von Projekten der\u00a0Jugendhilfe und der Jugendarbeit. Dazu geh\u00f6ren besonders Projekte des internationalen (Jugend-)Austausches innerhalb von Europa.<\/li><\/ul>\n<!-- \/wp:list -->\n\n<!-- wp:heading {\"level\":1} -->\n<h1>\u00a7 3&nbsp;&nbsp;&nbsp;&nbsp; Gemeinn\u00fctzigkeit<\/h1>\n<!-- \/wp:heading -->\n\n<!-- wp:paragraph -->\n<p>Der Verein verfolgt ausschlie\u00dflich und unmittelbar gemeinn\u00fctzige Zwecke im Sinne des Abschnitts \"steuerbeg\u00fcnstigte Zwecke\" der Abgabenordnung. Der Verein ist selbstlos t\u00e4tig, er verfolgt nicht in erster Linie eigenwirtschaftliche Zwecke.<\/p>\n<!-- \/wp:paragraph -->\n\n<!-- wp:heading {\"level\":1} -->\n<h1>\u00a7 4\u00a0\u00a0\u00a0\u00a0 Mitgliedschaft<\/h1>\n<!-- \/wp:heading -->\n\n<!-- wp:list {\"ordered\":true} -->\n<ol><li>Mitglieder des Vereins k\u00f6nnen nat\u00fcrliche und juristische Personen werden, die die im\u00a7 2 genannten Zwecke und Aufgaben verfolgen.<\/li><li>\u00dcber die Aufnahme entscheidet nach schriftlichem Antrag die Mitgliederversammlung.<\/li><li>Ein Austritt aus dem Verein kann mit einer Frist von einem Monat zum darauffolgenden Monatsende erfolgen. Die Austrittserkl\u00e4rung ist schriftlich an den Vorstand zu richten.<\/li><li>Nach drei Monaten Beitragsr\u00fcckstand und einmaliger Mahnung ruhen die Mitgliedsrechte. Nach weiteren drei Monaten ohne eine Reaktion des Mitglieds, kann der Vorstand das Mitglied ausschlie\u00dfen.<\/li><li>Ein Mitglied kann aus dem Verein ausgeschlossen werden, wenn sein Verhalten in grober Weise gegen die Interessen des Vereins verst\u00f6\u00dft. \u00dcber den Ausschluss entscheidet die Mitgliederversammlung.<\/li><li>Die Mitgliedschaft endet mit dem Tod des Mitglieds (bei juristischen Personen mit deren Erl\u00f6schen).<\/li><li>Das ausgetretene oder ausgeschlossene Mitglied hat keinen Anspruch gegen\u00fcber dem Vereinsverm\u00f6gen.<\/li><li>Die Mitglieder sind zur Zahlung eines j\u00e4hrlichen Mitgliedsbeitrages verpflichtet. Seine H\u00f6he wird auf Vorschlag des Vorstandes durch die Mitgliederversammlung festgesetzt.<\/li><\/ol>\n<!-- \/wp:list -->\n\n<!-- wp:heading {\"level\":1} -->\n<h1>\u00a7 5&nbsp;&nbsp;&nbsp;&nbsp; Organe des Vereins<\/h1>\n<!-- \/wp:heading -->\n\n<!-- wp:paragraph -->\n<p>Organe des Vereins sind: (1) die Mitgliederversammlung, (2) der Vorstand, (3) ggf. ein Beirat.<\/p>\n<!-- \/wp:paragraph -->\n\n<!-- wp:heading {\"level\":1} -->\n<h1>\u00a7 6&nbsp;&nbsp;&nbsp;&nbsp; Die Mitgliederversammlung<\/h1>\n<!-- \/wp:heading -->\n\n<!-- wp:list {\"ordered\":true} -->\n<ol><li>Die ordentliche Mitgliederversammlung wird mindestens einmal j\u00e4hrlich durch den Vorstand einberufen.<\/li><li>Die Mitglieder werden unter Bekanntgabe der vorgeschlagenen Tagesordnung und unter Einhaltung der Einladungsfrist von mindestens vier Wochen schriftlich eingeladen. Als schriftliche Einladung gilt auch eine Einladung an die letztbekannte Emailadresse der Mitglieder.<\/li><li>Eine au\u00dferordentliche Mitgliederversammlung findet statt, wenn mindestens 1\/3 derMitglieder dies unter Angabe der zu behandelnden Tagesordnung, bzw. wenn die Belange\u00a0des Vereins dies erfordern. Die Einladungsfrist hierzu betr\u00e4gt zwei Wochen. Die Einladung erfolgt durch den Vorstand.<\/li><li>Die ordentliche Mitgliederversammlung hat insbesondere folgende Aufgaben: Wahl des Vorstandes,<\/li><li>Wahl von Revisoren,<\/li><li>Einrichtung und Wahl des Beirats und Zuweisung von Aufgaben an diesen, Genehmigung des Haushaltsplanes,<\/li><li>Entgegennahme des Rechenschaftsberichtes,<\/li><li>Entlastung des Vorstands, - Best\u00e4tigung der Gesch\u00e4ftsf\u00fchrung,<\/li><li>Aufnahme und Ausschluss von Mitgliedern,<\/li><li>Festlegung des Mitgliedsbeitrages,<\/li><li>Aufl\u00f6sung des Vereins.<\/li><li>Die Mitgliederversammlung ist beschlussf\u00e4hig, wenn mindestens 1\/3 der Mitglieder anwesend ist. Beschl\u00fcsse werden mit einfacher Mehrheit der abgegebenen g\u00fcltigen Stimmen gefasst. Stimmengleichheit gilt als Ablehnung. Stimmenthaltungen sind ung\u00fcltige Stimmen. Jedes Mitglied hat nur eine Stimme, die nicht auf andere Mitglieder \u00fcbertragbar ist.<\/li><li>Ist die Mitgliederversammlung nicht beschlussf\u00e4hig, kann der Vorstand innerhalb einer Frist von zwei Wochen eine weitere Mitgliederversammlung einberufen. Diese ist auch dann beschlussf\u00e4hig, wenn weniger als 1\/3 der Mitglieder anwesend ist.<\/li><li>Die Versammlungsleitung und die Protokollf\u00fchrung werden zu Beginn der Versammlung gew\u00e4hlt.<\/li><li>Die Wahl.des Vorstandes\u00a0sowie\u00a0der Revisoren erfolgt durch offene, auf Antrag durch schriftliche und geheime Abstimmung.<\/li><\/ol>\n<!-- \/wp:list -->\n\n<!-- wp:heading {\"level\":1} -->\n<h1>\u00a7 7&nbsp;&nbsp;&nbsp;&nbsp; Satzungs\u00e4nderung<\/h1>\n<!-- \/wp:heading -->\n\n<!-- wp:paragraph -->\n<p>Beschl\u00fcsse&nbsp;\u00fcber&nbsp;\u00c4nderung der&nbsp;Satzung&nbsp;des Vereins&nbsp;bed\u00fcrfen der&nbsp;Zustimmung von 3\/4 der erschienenen&nbsp;stimmberechtigten Mitglieder. Satzungs\u00e4nderungen&nbsp;sind zusammen mit der Einladung zur Mitgliedsversammlung den Mitgliedern fristgem\u00e4\u00df schriftlich zuzustellen.<\/p>\n<!-- \/wp:paragraph -->\n\n<!-- wp:heading {\"level\":1} -->\n<h1>\u00a7 8&nbsp;&nbsp;&nbsp;&nbsp; Der Vorstand<\/h1>\n<!-- \/wp:heading -->\n\n<!-- wp:list {\"ordered\":true} -->\n<ol><li>Der\u00a0Vorstand\u00a0besteht\u00a0aus\u00a0bis\u00a0zu drei Personen.\u00a0Jeweils\u00a0ein Vorstandsmitglied\u00a0vertritt den Verein im Sinne des\u00a7 26 BGB allein.<\/li><li>Die\u00a0Wahl der Vorstandsmitglieder\u00a0erfolgt\u00a0auf zwei\u00a0Jahre. Der Vorstand bleibt bis zur Wahl eines neuen Vorstands im Amt. Wiederwahl ist m\u00f6glich.<\/li><li>Der\u00a0Vorstand\u00a0ist beschlussf\u00e4hig,\u00a0wenn\u00a0mindestens\u00a0zwei Mitglieder\u00a0des\u00a0Vorstands anwesend sind.<\/li><li>Die\u00a0Vorstandsmitglieder\u00a0\u00fcben ihre T\u00e4tigkeit\u00a0ehrenamtlich\u00a0aus. Der Ersatz von geltend gemachten Aufwendungen ist m\u00f6glich.<\/li><li>Der Vorstand ist berechtigt, einen Gesch\u00e4ftsf\u00fchrer\/eine Gesch\u00e4ftsf\u00fchrerin zum Zwecke der Abwicklung der laufenden Gesch\u00e4fte des Vereins und s\u00e4mtlicher organisatorischer und technischer Aufgaben zu bestellen.<\/li><li>Die Vorstandssitzungen sind Mitglieder-\u00f6ffentlich.\u00a0\u00a0\u00a0\u00a0\u00a0\u00a0\u00a0\u00a0\u00a0\u00a0\u00a0\u00a0\u00a0\u00a0\u00a0\u00a0\u00a0\u00a0\u00a0\u00a0\u00a0\u00a0\u00a0\u00a0\u00a0\u00a0\u00a0\u00a0\u00a0\u00a0\u00a0\u00a0\u00a0\u00a0\u00a0\u00a0\u00a0\u00a0\u00a0\u00a0\u00a0\u00a0\u00a0\u00a0\u00a0\u00a0\u00a0\u00a0\u00a0\u00a0\u00a0\u00a0\u00a0\u00a0\u00a0\u00a0\u00a0\u00a0\u00a0\u00a0\u00a0\u00a0\u00a0\u00a0\u00a0\u00a0 <sup>3<\/sup><\/li><\/ol>\n<!-- \/wp:list -->\n\n<!-- wp:heading {\"level\":1} -->\n<h1>\u00a7 9&nbsp;&nbsp;&nbsp;&nbsp; Aufgaben des Vorstandes<\/h1>\n<!-- \/wp:heading -->\n\n<!-- wp:paragraph -->\n<p>Der\u00a0Vorstand ist f\u00fcr alle Angelegenheiten des Vereins zust\u00e4ndig, soweit sie nicht durch die Satzung einem anderen Vereinsorgan zugewiesen sind. Er hat vor allem folgende Aufgaben:<\/p>\n<!-- \/wp:paragraph -->\n\n<!-- wp:list {\"ordered\":true} -->\n<ol><li>Vorbereitung\u00a0und Einberufung der Mitgliederversammlung\u00a0unter Angabe der Tagesordnung,<\/li><li>Aufstellung\u00a0eines\u00a0Haushaltsplanes\u00a0f\u00fcr das Gesch\u00e4ftsjahr,\u00a0Erstellung eines j\u00e4hrlichen Gesch\u00e4ftsberichts sowie der F\u00fchrung der laufenden Gesch\u00e4fte,<\/li><li>Abschluss und K\u00fcndigung von Arbeitsvertr\u00e4gen.<\/li><\/ol>\n<!-- \/wp:list -->\n\n<!-- wp:paragraph -->\n<p>Der Vorstand&nbsp;ist an die Beschl\u00fcsse&nbsp;der&nbsp;Mitgliederversammlung&nbsp;gebunden.<\/p>\n<!-- \/wp:paragraph -->\n\n<!-- wp:heading {\"level\":1} -->\n<h1>\u00a7 10&nbsp;&nbsp; Der Beirat<\/h1>\n<!-- \/wp:heading -->\n\n<!-- wp:paragraph -->\n<p>Die Mitgliederversammlung kann zur Bearbeitung bestimmter Aufgaben Fachbeir\u00e4te einsetzen, \u00fcber deren Aufgaben die Mitgliederversammlung&nbsp;beschlie\u00dft.<\/p>\n<!-- \/wp:paragraph -->\n\n<!-- wp:heading {\"level\":1} -->\n<h1>\u00a7 11\u00a0\u00a0 Beurkundung von Beschl\u00fcssen<\/h1>\n<!-- \/wp:heading -->\n\n<!-- wp:list -->\n<ul><li>Vorstands- und Fachbeiratssitzungen sind zu protokollieren.<\/li><li>Von jeder Mitgliederversammlung wird eine Niederschrift angefertigt, die von Versammlungsleitung und Protokollf\u00fchrung zu unterzeichnen ist.<\/li><\/ul>\n<!-- \/wp:list -->\n\n<!-- wp:heading {\"level\":1} -->\n<h1>\u00a7 12&nbsp;&nbsp; Mittelverwendung<\/h1>\n<!-- \/wp:heading -->\n\n<!-- wp:list -->\n<ul><li>Mittel des Vereins d\u00fcrfen nur f\u00fcr die satzungsgem\u00e4\u00dfen Zwecke verwendet werden.<\/li><li>Die Mitglieder erhalten keine Zuwendungen aus Mitteln des Vereins. Die Weiterleitung zweckbestimmter Mittel f\u00fcr satzungsgem\u00e4\u00dfe Aufgaben der Mitglieder bleibt davon unber\u00fchrt. Ferner darf keine Person durch Ausgaben, die dem Zweck des Vereins fremd sind oder durch unverh\u00e4ltnism\u00e4\u00dfig hohe Verg\u00fctung beg\u00fcnstigt werden.<\/li><\/ul>\n<!-- \/wp:list -->\n\n<!-- wp:heading {\"level\":1} -->\n<h1>\u00a7 13&nbsp;&nbsp; Vereinsaufl\u00f6sung<\/h1>\n<!-- \/wp:heading -->\n\n<!-- wp:list -->\n<ul><li>Der Verein wird durch Beschluss von 3\/4 der auf der Mitgliederversammlung erschienenen Mitglieder, aufgel\u00f6st.<\/li><li>Bei Aufl\u00f6sung oder Aufhebung des Vereins oder bei Wegfall seines bisherigen Vereinszwecks, f\u00e4llt das Verm\u00f6gen des Vereins an eine K\u00f6rperschaft des \u00f6ffentlichen Rechts oder an eine andere steuerbeg\u00fcnstigte K\u00f6rperschaft, die es unmittelbar und ausschlie\u00dflich f\u00fcr den gemeinn\u00fctzigen Zweck der Jugendhilfe zu verwenden hat.<\/li><\/ul>\n<!-- \/wp:list -->","_et_gb_content_width":""},"_links":{"self":[{"href":"https:\/\/euconev.de\/index.php\/wp-json\/wp\/v2\/pages\/89"}],"collection":[{"href":"https:\/\/euconev.de\/index.php\/wp-json\/wp\/v2\/pages"}],"about":[{"href":"https:\/\/euconev.de\/index.php\/wp-json\/wp\/v2\/types\/page"}],"author":[{"embeddable":true,"href":"https:\/\/euconev.de\/index.php\/wp-json\/wp\/v2\/users\/1"}],"replies":[{"embeddable":true,"href":"https:\/\/euconev.de\/index.php\/wp-json\/wp\/v2\/comments?post=89"}],"version-history":[{"count":3,"href":"https:\/\/euconev.de\/index.php\/wp-json\/wp\/v2\/pages\/89\/revisions"}],"predecessor-version":[{"id":237029,"href":"https:\/\/euconev.de\/index.php\/wp-json\/wp\/v2\/pages\/89\/revisions\/237029"}],"wp:attachment":[{"href":"https:\/\/euconev.de\/index.php\/wp-json\/wp\/v2\/media?parent=89"}],"curies":[{"name":"wp","href":"https:\/\/api.w.org\/{rel}","templated":true}]}}