{"id":236976,"date":"2021-06-12T09:19:55","date_gmt":"2021-06-12T09:19:55","guid":{"rendered":"https:\/\/test.vfbdw.de\/?page_id=236976"},"modified":"2022-07-29T14:59:12","modified_gmt":"2022-07-29T15:59:12","slug":"vorstand","status":"publish","type":"page","link":"https:\/\/euconev.de\/index.php\/vorstand\/","title":{"rendered":"Vorstand"},"content":{"rendered":"<p>[et_pb_section fb_built=&#8220;1&#8243; custom_padding_last_edited=&#8220;off|desktop&#8220; admin_label=&#8220;Hero&#8220; _builder_version=&#8220;4.16&#8243; use_background_color_gradient=&#8220;on&#8220; background_color_gradient_stops=&#8220;#ffffff 0%|rgba(255,187,51,0.55) 100%&#8220; background_color_gradient_start=&#8220;#ffffff&#8220; background_color_gradient_end=&#8220;rgba(255,187,51,0.55)&#8220; min_height=&#8220;146px&#8220; custom_margin=&#8220;|||&#8220; custom_padding=&#8220;0px||0px||false|false&#8220; custom_padding_tablet=&#8220;130px||130px|&#8220; da_disable_devices=&#8220;off|off|off&#8220; global_colors_info=&#8220;{}&#8220; da_is_popup=&#8220;off&#8220; da_exit_intent=&#8220;off&#8220; da_has_close=&#8220;on&#8220; da_alt_close=&#8220;off&#8220; da_dark_close=&#8220;off&#8220; da_not_modal=&#8220;on&#8220; da_is_singular=&#8220;off&#8220; da_with_loader=&#8220;off&#8220; da_has_shadow=&#8220;on&#8220;][et_pb_row _builder_version=&#8220;4.16&#8243; _module_preset=&#8220;default&#8220; global_colors_info=&#8220;{}&#8220;][et_pb_column type=&#8220;4_4&#8243; _builder_version=&#8220;4.16&#8243; _module_preset=&#8220;default&#8220; global_colors_info=&#8220;{}&#8220;][et_pb_text _builder_version=&#8220;4.16&#8243; text_font=&#8220;Roboto||||||||&#8220; text_text_color=&#8220;#7e7f93&#8243; text_font_size=&#8220;18px&#8220; header_font=&#8220;Roboto||||||||&#8220; header_3_font=&#8220;Merriweather|700|||||||&#8220; header_3_text_color=&#8220;#4646c4&#8243; header_3_font_size=&#8220;36px&#8220; header_3_line_height=&#8220;1.4em&#8220; locked=&#8220;off&#8220; global_colors_info=&#8220;{}&#8220;]<\/p>\n<h3 style=\"text-align: center;\"><span style=\"color: #00a0b9;\">Der Vorstand des Vereins Eucon e.V.<\/span><\/h3>\n<p>&nbsp;<\/p>\n<p>[\/et_pb_text][\/et_pb_column][\/et_pb_row][\/et_pb_section][et_pb_section fb_built=&#8220;1&#8243; admin_label=&#8220;Speakers&#8220; _builder_version=&#8220;4.16&#8243; custom_padding=&#8220;90px||90px|&#8220; animation_style=&#8220;zoom&#8220; animation_intensity_zoom=&#8220;10%&#8220; da_disable_devices=&#8220;off|off|off&#8220; global_colors_info=&#8220;{}&#8220; da_is_popup=&#8220;off&#8220; da_exit_intent=&#8220;off&#8220; da_has_close=&#8220;on&#8220; da_alt_close=&#8220;off&#8220; da_dark_close=&#8220;off&#8220; da_not_modal=&#8220;on&#8220; da_is_singular=&#8220;off&#8220; da_with_loader=&#8220;off&#8220; da_has_shadow=&#8220;on&#8220;][et_pb_row column_structure=&#8220;1_3,2_3&#8243; _builder_version=&#8220;4.16&#8243; custom_margin=&#8220;|||&#8220; custom_padding=&#8220;40px|0px|40px|0px&#8220; global_colors_info=&#8220;{}&#8220;][et_pb_column type=&#8220;1_3&#8243; _builder_version=&#8220;4.16&#8243; custom_padding=&#8220;|||&#8220; global_colors_info=&#8220;{}&#8220; custom_padding__hover=&#8220;|||&#8220;][et_pb_social_media_follow _builder_version=&#8220;4.16&#8243; text_orientation=&#8220;center&#8220; locked=&#8220;off&#8220; global_colors_info=&#8220;{}&#8220;][et_pb_social_media_follow_network social_network=&#8220;facebook&#8220; _builder_version=&#8220;4.16&#8243; background_color=&#8220;#181819&#8243; global_colors_info=&#8220;{}&#8220; follow_button=&#8220;off&#8220; url_new_window=&#8220;on&#8220;]facebook[\/et_pb_social_media_follow_network][et_pb_social_media_follow_network social_network=&#8220;twitter&#8220; _builder_version=&#8220;4.16&#8243; background_color=&#8220;#181819&#8243; global_colors_info=&#8220;{}&#8220; follow_button=&#8220;off&#8220; url_new_window=&#8220;on&#8220;]twitter[\/et_pb_social_media_follow_network][\/et_pb_social_media_follow][\/et_pb_column][et_pb_column type=&#8220;2_3&#8243; _builder_version=&#8220;4.16&#8243; custom_padding=&#8220;|||&#8220; global_colors_info=&#8220;{}&#8220; custom_padding__hover=&#8220;|||&#8220;][et_pb_text _builder_version=&#8220;4.16&#8243; text_font=&#8220;||||||||&#8220; text_text_color=&#8220;#7e7f93&#8243; text_font_size=&#8220;18px&#8220; header_font=&#8220;Roboto||||||||&#8220; header_3_font=&#8220;Merriweather|700|||||||&#8220; header_3_text_color=&#8220;#4646c4&#8243; header_3_font_size=&#8220;36px&#8220; header_3_line_height=&#8220;1.4em&#8220; locked=&#8220;off&#8220; global_colors_info=&#8220;{}&#8220;]<\/p>\n<h3><span style=\"color: #00a0b9;\">Wolfgang Hillenbrand<\/span><\/h3>\n<p><strong>Vorsitzender<\/strong><\/p>\n<p>[\/et_pb_text][et_pb_text _builder_version=&#8220;4.16&#8243; text_font=&#8220;||||||||&#8220; text_font_size=&#8220;18px&#8220; text_line_height=&#8220;1.8em&#8220; global_colors_info=&#8220;{}&#8220;]<\/p>\n<p><strong>Seit 2008<\/strong> eigene Beratungsfirma mit Standort M\u00fcnchen <strong>Fundraising und Projektentwicklung<\/strong> vorwiegend f\u00fcr Programme der Europ\u00e4ischen Union. Ebenso <strong>Evaluation,<\/strong> <strong>Revision und Belegpr\u00fcfung<\/strong> f\u00fcr EU-gef\u00f6rderte Projekte im Auftrag.<\/p>\n<p>Zwischen <strong>2010 und 2021<\/strong> im Auftrag von freigemeinn\u00fctzigen Tr\u00e4gern Etablierung und auch Leitung einer Reihe von <strong>Bundesprojekten<\/strong> in den Programmen <em>\u201eIntegration durch Austausch\u201c<\/em> (IdA) (BMAS), <em>\u201eXENOS\u201c<\/em> (BMAS), <em>\u201eJugend-Innovationsprogramm\u201c<\/em> (BMFSFJ), <em>\u201eIQ-Net\u201c<\/em> (BMAS\/BAMF), <em>\u201eLernen vor Ort\u201c<\/em> (BMBF), \u201e<em>BIWAQ\u201c<\/em> (BMVBS).<\/p>\n<p>Zuvor von <strong>1993 bis 2007<\/strong> Standortleiter und Seniorberater der <strong>Filiale S\u00fcddeutschland \/ \u00d6sterreich<\/strong> der <strong>BBJ Consult AG, Berlin (www.bbj.info)<\/strong>, firmenintern Mitglied der Steuerungsgruppe Wissensmanagement. Noch heute Mitaktion\u00e4r. Etablierung von \u00fcber 80 Projekten er beruflichen Bildung und sozialen Arbeit in Bund und Land.<\/p>\n<p><strong>1988<\/strong> Gr\u00fcndung des <strong>Instituts f\u00fcr Beratung und Projektentwicklung (IBPRO) in M\u00fcnchen,<\/strong> von <strong>1989 &#8211; 1993<\/strong> Gesch\u00e4ftsf\u00fchrer des Instituts<strong>. <\/strong>Das Institut existiert noch als Dienstleistungseinrichtung f\u00fcr die Stadt M\u00fcnchen.<\/p>\n<p><strong>1988 \u2013 2000<\/strong> Bundesschatzmeister und gesch\u00e4ftsf\u00fchrender Vorstand des <strong>BuntStift<\/strong> (Abteilung L\u00e4nderstiftungen der <strong>Heinrich-B\u00f6ll-Stiftung)<\/strong>, <strong>1998 \u2013 2001<\/strong> Mitglied des Aufsichtsrats der <strong>Heinrich-B\u00f6ll-Stiftung<\/strong><\/p>\n<p><strong><em>1987 \u2013 2000 Vorstand des Stiftungsvereins Regenbogen \u2013 gr\u00fcnnahe Landesstiftung der politischen Bildung in Bayern<\/em><\/strong><\/p>\n<p><strong><em>Arbeitsschwerpunkte\/Kompetenzfelder:<\/em><\/strong> langj\u00e4hrige Erfahrungen in der bundesweiten Durchsetzung, Beratung und Evaluierung von Praxisprojekten der Weiterbildung, beruflichen Bildung und der sozialen Arbeit; spezifische Kenntnisse der verschiedenen F\u00f6rdersysteme, \u2013instrumente und -ma\u00dfnahmen in Deutschland und anderen europ\u00e4ischen L\u00e4ndern. Akquise und Entwicklung von Bildungsprojekten, regionalbezogen und f\u00fcr besondere Zielgruppen; Evaluation, Coaching und Politikberatung von NGOs, Kommunen, Kammern und Landesministerien im Rahmen von Bildungs- und Innovationsprojekten (ESF-Bundesprogramme des BMBF, des BMAS, des BMFSJF, des BMVBS und von verschiedenen Landesministerien), Entwicklung von Projekten der Anpassungsqualifizierung f\u00fcr Zuwanderer; Beratung und Begleitung von kooperierenden Netzwerken; Evaluation von EU-Programmen; Forschungst\u00e4tigkeit zum beruflichen Bildungssystem.<\/p>\n<p><strong><em>Beir\u00e4te und Mitgliedschaften:<\/em><\/strong> Mitglied der Arbeitsgemeinschaft Sozialpolitischer Arbeitskreise e.V. (AG SPAK), Gesellschaft f\u00fcr Beratung und Projektentwicklung e.V. (M\u00fcnchen) (seit 1993), The World of NGOs e.V. (Wien), BBJ SPIN-Berater der BBJ Consult AG (seit 2008), BENE M\u00fcnchen e.V. (seit 2009), Mitglied im Netzwerk \u201eMigranet\u201c (<a href=\"http:\/\/www.migranet.org\">www.migranet.org<\/a>) in Bayern.<\/p>\n<p><strong><em>Referenzkunden (Auswahl): <\/em><\/strong>Bayerischer Jugendring Kd\u00f6R, M\u00fcnchen \/ Bundesministerium f\u00fcr Arbeit und Soziales \/ Ministerium f\u00fcr Arbeit, Frauen, Gesundheit und Soziales des Landes Brandenburg \/ Otto-Benecke-Stiftung, Bonn \/ t\u00fcrant\u00fcr gemeinn\u00fctzige GmbH, Augsburg \/ Amt f\u00fcr Wohnen und Migration, M\u00fcnchen \/ Innere Mission in M\u00fcnchen und Oberbayern e.V. \/ Diakonie Traunstein e.V.\u00a0 \/ Bundesministerium f\u00fcr Bildung und Forschung \/ Bildungswerk der Hessischen Wirtschaft e.V., Frankfurt \/ Handwerkskammer Oberfranken e.V., Bayreuth \/ GFA &#8211; Gewerbef\u00f6rderakademie der Handwerkskammer Hamburg GmbH \/ Landratsamt M\u00fchldorf a. Inn \/ Deutsches Erwachsenenbildungswerk e.V., Bamberg \/ Arbeiterwohlfahrt, Kreisverband Kulmbach \/ Akademie der Immobilienwirtschaft Berlin\/Brandenburg e.V. \/ Arbeiterwohlfahrt, Kreisverband M\u00fcnchen \/ Alanus Hochschule, Bonn\u00a0 M\u00fcnchenStift GmbH \/ Arbeiterwohlfahrt Kreisverband Kulmbach e.V. Euro-Trainings-Centre ETC e.V. \/ M\u00fcnchner Trichter e.V. \/ Deutsches Jugend Institut \/ M\u00fcnchenStift gGmbH \/ Kontrapunkt gGmbH \/ Outward Bound gGmbH \/ Schwangau \/ Bayerischer Volkshochschulverband \/ bfz M\u00fcnchen gGmbH, M\u00fcnchner Volkshochschule GmbH, Herzogs\u00e4gm\u00fchle gGmbH<\/p>\n<p><em>\u00a0<\/em><\/p>\n<p><em>\u00a0<\/em><\/p>\n<p>[\/et_pb_text][\/et_pb_column][\/et_pb_row][et_pb_row column_structure=&#8220;1_3,2_3&#8243; _builder_version=&#8220;4.16&#8243; custom_margin=&#8220;|||&#8220; custom_padding=&#8220;40px|0px|40px|0px&#8220; global_colors_info=&#8220;{}&#8220;][et_pb_column type=&#8220;1_3&#8243; _builder_version=&#8220;4.16&#8243; custom_padding=&#8220;|||&#8220; global_colors_info=&#8220;{}&#8220; custom_padding__hover=&#8220;|||&#8220;][et_pb_image src=&#8220;https:\/\/euconev.de\/wp-content\/uploads\/2021\/06\/stefan_staudner-150&#215;150-1.jpg&#8220; title_text=&#8220;stefan_staudner-150&#215;150&#8243; _builder_version=&#8220;4.16&#8243; custom_margin=&#8220;|||&#8220; custom_margin_tablet=&#8220;90px|||&#8220; custom_margin_last_edited=&#8220;off|desktop&#8220; always_center_on_mobile=&#8220;off&#8220; locked=&#8220;off&#8220; global_colors_info=&#8220;{}&#8220;][\/et_pb_image][et_pb_social_media_follow _builder_version=&#8220;4.16&#8243; text_orientation=&#8220;center&#8220; locked=&#8220;off&#8220; global_colors_info=&#8220;{}&#8220;][et_pb_social_media_follow_network social_network=&#8220;facebook&#8220; _builder_version=&#8220;4.16&#8243; background_color=&#8220;#181819&#8243; global_colors_info=&#8220;{}&#8220; follow_button=&#8220;off&#8220; url_new_window=&#8220;on&#8220;]facebook[\/et_pb_social_media_follow_network][et_pb_social_media_follow_network social_network=&#8220;twitter&#8220; _builder_version=&#8220;4.16&#8243; background_color=&#8220;#181819&#8243; global_colors_info=&#8220;{}&#8220; follow_button=&#8220;off&#8220; url_new_window=&#8220;on&#8220;]twitter[\/et_pb_social_media_follow_network][et_pb_social_media_follow_network social_network=&#8220;linkedin&#8220; _builder_version=&#8220;4.16&#8243; background_color=&#8220;#181819&#8243; global_colors_info=&#8220;{}&#8220; follow_button=&#8220;off&#8220; url_new_window=&#8220;on&#8220;]linkedin[\/et_pb_social_media_follow_network][\/et_pb_social_media_follow][\/et_pb_column][et_pb_column type=&#8220;2_3&#8243; _builder_version=&#8220;4.16&#8243; custom_padding=&#8220;|||&#8220; global_colors_info=&#8220;{}&#8220; custom_padding__hover=&#8220;|||&#8220;][et_pb_text _builder_version=&#8220;4.16&#8243; text_font=&#8220;||||||||&#8220; text_text_color=&#8220;#7e7f93&#8243; text_font_size=&#8220;18px&#8220; header_font=&#8220;||||||||&#8220; header_3_font=&#8220;Merriweather|700|||||||&#8220; header_3_text_color=&#8220;#4646c4&#8243; header_3_font_size=&#8220;36px&#8220; header_3_line_height=&#8220;1.4em&#8220; locked=&#8220;off&#8220; global_colors_info=&#8220;{}&#8220;]<\/p>\n<h3><span style=\"color: #00a0b9;\">Stefan Staudner<\/span><\/h3>\n<p><strong>Vorsitzender<\/strong><\/p>\n<p>[\/et_pb_text][et_pb_text _builder_version=&#8220;4.16&#8243; text_font=&#8220;||||||||&#8220; text_font_size=&#8220;18px&#8220; text_line_height=&#8220;1.8em&#8220; global_colors_info=&#8220;{}&#8220;]<\/p>\n<p>Stefan Staudner, geboren 1971,\u00a0 verf\u00fcgt \u00fcber mehrj\u00e4hrige Praxiserfahrung im Projektmanagement, Teilprojektleitung Lernende Regionen, im Rahmen dessen Realisierung einer fl\u00e4chendeckenden Beratungsstruktur (L-Punkte), sowie Erstellung verschiedener Beratungsmodule. Mitarbeit in bundesweiten Themennetzen und Projekten zu\u00a0 Bildungsberatung und Kompetenzbilanzierung.<\/p>\n<p>&nbsp;<\/p>\n<p>Schwerpunkt der aktuellen T\u00e4tigkeit ist die Kompetenzbilanzierung und Standortbestimmung durch das Verfahren ProfilPASS, die Qualifizierung von Bildungsberatern und die Begleitung von Bildungsorganisationen bei der Entwicklung, Umsetzung und Qualit\u00e4tssicherung von Beratungskonzepten. Dar\u00fcber hinaus ist Herr Staudner seit 5 Jahren Mitorganisator und Moderator einer Fachtagungsreihe zum \u00dcbergang Schule\/Beruf\/Studium sowie einer allgemeinen Fachtagung zum \u00dcbergang Schule\/Beruf\/Studium sowie einer allgemeinen Fachtagung zu Bildungsberatung.<\/p>\n<p>&nbsp;<\/p>\n<p>[\/et_pb_text][\/et_pb_column][\/et_pb_row][\/et_pb_section]<\/p>\n","protected":false},"excerpt":{"rendered":"<p>Der Vorstand des Vereins Eucon e.V. &nbsp;Wolfgang Hillenbrand VorsitzenderSeit 2008 eigene Beratungsfirma mit Standort M\u00fcnchen Fundraising und Projektentwicklung vorwiegend f\u00fcr Programme der Europ\u00e4ischen Union. Ebenso Evaluation, Revision und Belegpr\u00fcfung f\u00fcr EU-gef\u00f6rderte Projekte im Auftrag. Zwischen 2010 und 2021 im Auftrag von freigemeinn\u00fctzigen Tr\u00e4gern Etablierung und auch Leitung einer Reihe von Bundesprojekten in den Programmen \u201eIntegration [&hellip;]<\/p>\n","protected":false},"author":1,"featured_media":0,"parent":0,"menu_order":0,"comment_status":"closed","ping_status":"closed","template":"","meta":{"_et_pb_use_builder":"on","_et_pb_old_content":"","_et_gb_content_width":""},"_links":{"self":[{"href":"https:\/\/euconev.de\/index.php\/wp-json\/wp\/v2\/pages\/236976"}],"collection":[{"href":"https:\/\/euconev.de\/index.php\/wp-json\/wp\/v2\/pages"}],"about":[{"href":"https:\/\/euconev.de\/index.php\/wp-json\/wp\/v2\/types\/page"}],"author":[{"embeddable":true,"href":"https:\/\/euconev.de\/index.php\/wp-json\/wp\/v2\/users\/1"}],"replies":[{"embeddable":true,"href":"https:\/\/euconev.de\/index.php\/wp-json\/wp\/v2\/comments?post=236976"}],"version-history":[{"count":11,"href":"https:\/\/euconev.de\/index.php\/wp-json\/wp\/v2\/pages\/236976\/revisions"}],"predecessor-version":[{"id":237656,"href":"https:\/\/euconev.de\/index.php\/wp-json\/wp\/v2\/pages\/236976\/revisions\/237656"}],"wp:attachment":[{"href":"https:\/\/euconev.de\/index.php\/wp-json\/wp\/v2\/media?parent=236976"}],"curies":[{"name":"wp","href":"https:\/\/api.w.org\/{rel}","templated":true}]}}